{"id":3838,"date":"2025-02-16T01:32:57","date_gmt":"2025-02-16T00:32:57","guid":{"rendered":"https:\/\/hotelbalkanbeograd.com\/cafe-balkan\/"},"modified":"2025-03-12T11:26:40","modified_gmt":"2025-03-12T10:26:40","slug":"cafe-balkan","status":"publish","type":"page","link":"https:\/\/hotelbalkanbeograd.com\/en\/cafe-balkan\/","title":{"rendered":"Balkan Cafe"},"content":{"rendered":"\t\t<div data-elementor-type=\"wp-page\" data-elementor-id=\"3838\" class=\"elementor elementor-3838 elementor-3798\" data-elementor-post-type=\"page\">\n\t\t\t\t\t\t\t\t\t<section class=\"elementor-section elementor-top-section elementor-element elementor-element-0c05fcf elementor-section-full_width elementor-section-height-min-height elementor-section-items-top elementor-section-height-default\" data-id=\"0c05fcf\" data-element_type=\"section\" data-settings=\"{&quot;background_background&quot;:&quot;classic&quot;,&quot;_ha_eqh_enable&quot;:false}\">\n\t\t\t\t\t\t<div class=\"elementor-container elementor-column-gap-no\">\n\t\t\t\t\t<div class=\"elementor-column elementor-col-100 elementor-top-column elementor-element elementor-element-832183c\" data-id=\"832183c\" data-element_type=\"column\">\n\t\t\t<div class=\"elementor-widget-wrap elementor-element-populated\">\n\t\t\t\t\t\t\t\t<section class=\"elementor-section elementor-inner-section elementor-element elementor-element-ec5cf0c elementor-section-full_width elementor-section-height-min-height elementor-section-content-middle elementor-section-height-default\" data-id=\"ec5cf0c\" data-element_type=\"section\" data-settings=\"{&quot;_ha_eqh_enable&quot;:false}\">\n\t\t\t\t\t\t<div class=\"elementor-container elementor-column-gap-default\">\n\t\t\t\t\t<div class=\"elementor-column elementor-col-50 elementor-inner-column elementor-element elementor-element-2f33908\" data-id=\"2f33908\" data-element_type=\"column\">\n\t\t\t<div class=\"elementor-widget-wrap elementor-element-populated\">\n\t\t\t\t\t\t\t\t<div class=\"elementor-element elementor-element-5137112 uael-dual-heading-align-left elementor-widget elementor-widget-uael-dual-color-heading\" data-id=\"5137112\" data-element_type=\"widget\" data-widget_type=\"uael-dual-color-heading.default\">\n\t\t\t\t<div class=\"elementor-widget-container\">\n\t\t\t\t\t\t\t<div class=\"uael-module-content uael-dual-color-heading uael-heading-stack-none\">\r\n\t\t\t<h1>\r\n\t\t\t\t\t\t\t\t\t\t\t\t\t\t\t\t<span class=\"uael-before-heading\"><span class=\"elementor-inline-editing uael-dual-heading-text uael-first-text\" data-elementor-setting-key=\"before_heading_text\" data-elementor-inline-editing-toolbar=\"basic\">Balkan Cafe<\/span><\/span><span class=\"uael-adv-heading-stack\"><span class=\"elementor-inline-editing uael-dual-heading-text uael-highlight-text\" data-elementor-setting-key=\"second_heading_text\" data-elementor-inline-editing-toolbar=\"basic\"><\/span><\/span>\t\t\t\t\t\t\t\t\t\t\t\t\t<\/h1>\r\n\t\t<\/div>\r\n\t\t\t\t<\/div>\n\t\t\t\t<\/div>\n\t\t\t\t<div class=\"elementor-element elementor-element-1a5e34c elementor-widget elementor-widget-text-editor\" data-id=\"1a5e34c\" data-element_type=\"widget\" data-widget_type=\"text-editor.default\">\n\t\t\t\t<div class=\"elementor-widget-container\">\n\t\t\t<style>\/*! elementor - v3.16.0 - 14-09-2023 *\/\n.elementor-widget-text-editor.elementor-drop-cap-view-stacked .elementor-drop-cap{background-color:#69727d;color:#fff}.elementor-widget-text-editor.elementor-drop-cap-view-framed .elementor-drop-cap{color:#69727d;border:3px solid;background-color:transparent}.elementor-widget-text-editor:not(.elementor-drop-cap-view-default) .elementor-drop-cap{margin-top:8px}.elementor-widget-text-editor:not(.elementor-drop-cap-view-default) .elementor-drop-cap-letter{width:1em;height:1em}.elementor-widget-text-editor .elementor-drop-cap{float:left;text-align:center;line-height:1;font-size:50px}.elementor-widget-text-editor .elementor-drop-cap-letter{display:inline-block}<\/style>\t\t\t\t<p>Cafe Balkan \u2013 Elegance, Tradition, and Enjoyment in the Heart of the City<\/p>\n<p>Located within Hotel Balkan, Cafe Balkan is more than just a caf\u00e9 \u2013 it is a place of gathering, inspiration, and enjoyment. Whether you\u2019re coming for a morning coffee, a business lunch, or simply to unwind with a glass of fine wine, you will experience the spirit of Belgrade\u2019s elegance and hospitality here.<\/p>\n\t\t\t\t\t\t<\/div>\n\t\t\t\t<\/div>\n\t\t\t\t<div class=\"elementor-element elementor-element-810900b elementor-widget__width-auto elementor-widget elementor-widget-button\" data-id=\"810900b\" data-element_type=\"widget\" data-widget_type=\"button.default\">\n\t\t\t\t<div class=\"elementor-widget-container\">\n\t\t\t\t\t<div class=\"elementor-button-wrapper\">\n\t\t\t<a class=\"elementor-button elementor-button-link elementor-size-sm\" href=\"https:\/\/hotelbalkanbeograd.com\/wp-content\/uploads\/2025\/03\/Balkan-Cafe-menu.pdf\" target=\"_blank\">\n\t\t\t\t\t\t<span class=\"elementor-button-content-wrapper\">\n\t\t\t\t\t\t<span class=\"elementor-button-text\">Our Menu<\/span>\n\t\t<\/span>\n\t\t\t\t\t<\/a>\n\t\t<\/div>\n\t\t\t\t<\/div>\n\t\t\t\t<\/div>\n\t\t\t\t<div class=\"elementor-element elementor-element-331692e elementor-widget__width-auto elementor-view-default elementor-widget elementor-widget-icon\" data-id=\"331692e\" data-element_type=\"widget\" data-widget_type=\"icon.default\">\n\t\t\t\t<div class=\"elementor-widget-container\">\n\t\t\t\t\t<div class=\"elementor-icon-wrapper\">\n\t\t\t<a class=\"elementor-icon\" href=\"https:\/\/hotelbalkanbeograd.com\/wp-content\/uploads\/2025\/03\/Balkan-Cafe-menu.pdf\" target=\"_blank\">\n\t\t\t<svg xmlns=\"http:\/\/www.w3.org\/2000\/svg\" width=\"57\" height=\"57\" viewBox=\"0 0 57 57\" fill=\"none\"><circle cx=\"28.5\" cy=\"28.5\" r=\"28.5\" fill=\"#5F021F\"><\/circle><path d=\"M19 19L37 37M37 37V23.5M37 37H23.5\" stroke=\"white\" stroke-linecap=\"round\" stroke-linejoin=\"round\"><\/path><\/svg>\t\t\t<\/a>\n\t\t<\/div>\n\t\t\t\t<\/div>\n\t\t\t\t<\/div>\n\t\t\t\t\t<\/div>\n\t\t<\/div>\n\t\t\t\t<div class=\"elementor-column elementor-col-50 elementor-inner-column elementor-element elementor-element-8c5348f elementor-hidden-tablet_extra elementor-hidden-tablet elementor-hidden-mobile_extra elementor-hidden-mobile\" data-id=\"8c5348f\" data-element_type=\"column\">\n\t\t\t<div class=\"elementor-widget-wrap\">\n\t\t\t\t\t\t\t\t\t<\/div>\n\t\t<\/div>\n\t\t\t\t\t\t\t<\/div>\n\t\t<\/section>\n\t\t\t\t\t<\/div>\n\t\t<\/div>\n\t\t\t\t\t\t\t<\/div>\n\t\t<\/section>\n\t\t\t\t<section class=\"elementor-section elementor-top-section elementor-element elementor-element-ee1a135 elementor-section-full_width elementor-section-height-min-height elementor-reverse-tablet elementor-reverse-mobile_extra elementor-reverse-mobile elementor-section-height-default elementor-section-items-middle\" data-id=\"ee1a135\" data-element_type=\"section\" data-settings=\"{&quot;_ha_eqh_enable&quot;:false}\">\n\t\t\t\t\t\t<div class=\"elementor-container elementor-column-gap-default\">\n\t\t\t\t\t<div class=\"elementor-column elementor-col-50 elementor-top-column elementor-element elementor-element-4e2694e\" data-id=\"4e2694e\" data-element_type=\"column\">\n\t\t\t<div class=\"elementor-widget-wrap elementor-element-populated\">\n\t\t\t\t\t\t\t\t<div class=\"elementor-element elementor-element-96017e6 uael-dual-heading-align-left elementor-widget elementor-widget-uael-dual-color-heading\" data-id=\"96017e6\" data-element_type=\"widget\" data-widget_type=\"uael-dual-color-heading.default\">\n\t\t\t\t<div class=\"elementor-widget-container\">\n\t\t\t\t\t\t\t<div class=\"uael-module-content uael-dual-color-heading uael-heading-stack-none\">\r\n\t\t\t<h2>\r\n\t\t\t\t\t\t\t\t\t\t\t\t\t\t\t\t<span class=\"uael-before-heading\"><span class=\"elementor-inline-editing uael-dual-heading-text uael-first-text\" data-elementor-setting-key=\"before_heading_text\" data-elementor-inline-editing-toolbar=\"basic\">An oasis of enjoyment<\/span><\/span><span class=\"uael-adv-heading-stack\"><span class=\"elementor-inline-editing uael-dual-heading-text uael-highlight-text\" data-elementor-setting-key=\"second_heading_text\" data-elementor-inline-editing-toolbar=\"basic\"><\/span><\/span>\t\t\t\t\t\t\t\t\t\t\t\t\t<\/h2>\r\n\t\t<\/div>\r\n\t\t\t\t<\/div>\n\t\t\t\t<\/div>\n\t\t\t\t<div class=\"elementor-element elementor-element-f3b99a5 elementor-widget elementor-widget-text-editor\" data-id=\"f3b99a5\" data-element_type=\"widget\" data-widget_type=\"text-editor.default\">\n\t\t\t\t<div class=\"elementor-widget-container\">\n\t\t\t\t\t\t\t<p>Our menu features carefully selected coffees, refreshing cocktails, exquisite desserts, and a variety of specialties \u2013 from light breakfasts and fresh salads to sandwiches and gourmet dishes prepared with special care.<\/p>\n<p>Throughout history, Cafe Balkan has been visited by numerous famous figures, including artists, actors, and bohemians who found inspiration in its unique atmosphere. Among them were Milo\u0161 Crnjanski, Branislav Nu\u0161i\u0107, Momo Kapor, as well as legendary actors Bata Stojkovi\u0107 and Dragan Nikoli\u0107. Their conversations, stories, and anecdotes remain a part of the spirit that still thrives in this space today.<\/p>\n<p>Whether you\u2019re here for a delicious meal, an afternoon break, or an evening gathering, Cafe Balkan is where tradition and sophistication meet in perfect harmony.<\/p>\n<p>Welcome to Cafe Balkan \u2013 your oasis of enjoyment in the heart of the city!<\/p>\n\t\t\t\t\t\t<\/div>\n\t\t\t\t<\/div>\n\t\t\t\t<div class=\"elementor-element elementor-element-4b11e65 elementor-widget__width-auto elementor-hidden-widescreen elementor-hidden-desktop elementor-hidden-laptop elementor-hidden-tablet_extra elementor-hidden-tablet elementor-hidden-mobile_extra elementor-hidden-mobile elementor-widget elementor-widget-button\" data-id=\"4b11e65\" data-element_type=\"widget\" data-widget_type=\"button.default\">\n\t\t\t\t<div class=\"elementor-widget-container\">\n\t\t\t\t\t<div class=\"elementor-button-wrapper\">\n\t\t\t<a class=\"elementor-button elementor-button-link elementor-size-sm\" href=\"https:\/\/hotelbalkanbeograd.com\/en\/rooms-and-apartments\/\">\n\t\t\t\t\t\t<span class=\"elementor-button-content-wrapper\">\n\t\t\t\t\t\t<span class=\"elementor-button-text\">Sobe i Apartmani<\/span>\n\t\t<\/span>\n\t\t\t\t\t<\/a>\n\t\t<\/div>\n\t\t\t\t<\/div>\n\t\t\t\t<\/div>\n\t\t\t\t<div class=\"elementor-element elementor-element-5580ab6 elementor-widget__width-auto elementor-hidden-widescreen elementor-hidden-desktop elementor-hidden-laptop elementor-hidden-tablet_extra elementor-hidden-tablet elementor-hidden-mobile_extra elementor-hidden-mobile elementor-view-default elementor-widget elementor-widget-icon\" data-id=\"5580ab6\" data-element_type=\"widget\" data-widget_type=\"icon.default\">\n\t\t\t\t<div class=\"elementor-widget-container\">\n\t\t\t\t\t<div class=\"elementor-icon-wrapper\">\n\t\t\t<a class=\"elementor-icon\" href=\"https:\/\/hotelbalkanbeograd.com\/sobe-i-apartmani\/\">\n\t\t\t<svg xmlns=\"http:\/\/www.w3.org\/2000\/svg\" width=\"57\" height=\"57\" viewBox=\"0 0 57 57\" fill=\"none\"><circle cx=\"28.5\" cy=\"28.5\" r=\"28.5\" fill=\"#5F021F\"><\/circle><path d=\"M19 19L37 37M37 37V23.5M37 37H23.5\" stroke=\"white\" stroke-linecap=\"round\" stroke-linejoin=\"round\"><\/path><\/svg>\t\t\t<\/a>\n\t\t<\/div>\n\t\t\t\t<\/div>\n\t\t\t\t<\/div>\n\t\t\t\t\t<\/div>\n\t\t<\/div>\n\t\t\t\t<div class=\"elementor-column elementor-col-50 elementor-top-column elementor-element elementor-element-9a62497\" data-id=\"9a62497\" data-element_type=\"column\">\n\t\t\t<div class=\"elementor-widget-wrap elementor-element-populated\">\n\t\t\t\t\t\t\t\t<div class=\"elementor-element elementor-element-ba8daee elementor-widget elementor-widget-image\" data-id=\"ba8daee\" data-element_type=\"widget\" data-widget_type=\"image.default\">\n\t\t\t\t<div class=\"elementor-widget-container\">\n\t\t\t<style>\/*! elementor - v3.16.0 - 14-09-2023 *\/\n.elementor-widget-image{text-align:center}.elementor-widget-image a{display:inline-block}.elementor-widget-image a img[src$=\".svg\"]{width:48px}.elementor-widget-image img{vertical-align:middle;display:inline-block}<\/style>\t\t\t\t\t\t\t\t\t\t\t\t<img decoding=\"async\" width=\"1400\" height=\"1156\" src=\"https:\/\/hotelbalkanbeograd.com\/wp-content\/uploads\/2025\/02\/Kafe-Balkan-2.webp\" class=\"attachment-full size-full wp-image-3804\" alt=\"\" loading=\"lazy\" srcset=\"https:\/\/hotelbalkanbeograd.com\/wp-content\/uploads\/2025\/02\/Kafe-Balkan-2.webp 1400w, https:\/\/hotelbalkanbeograd.com\/wp-content\/uploads\/2025\/02\/Kafe-Balkan-2-300x248.webp 300w, https:\/\/hotelbalkanbeograd.com\/wp-content\/uploads\/2025\/02\/Kafe-Balkan-2-1024x846.webp 1024w, https:\/\/hotelbalkanbeograd.com\/wp-content\/uploads\/2025\/02\/Kafe-Balkan-2-768x634.webp 768w\" sizes=\"(max-width: 1400px) 100vw, 1400px\" \/>\t\t\t\t\t\t\t\t\t\t\t\t\t\t\t<\/div>\n\t\t\t\t<\/div>\n\t\t\t\t\t<\/div>\n\t\t<\/div>\n\t\t\t\t\t\t\t<\/div>\n\t\t<\/section>\n\t\t\t\t<section class=\"elementor-section elementor-top-section elementor-element elementor-element-fc31546 elementor-section-full_width elementor-section-height-default elementor-section-height-default\" data-id=\"fc31546\" data-element_type=\"section\" data-settings=\"{&quot;_ha_eqh_enable&quot;:false}\">\n\t\t\t\t\t\t<div class=\"elementor-container elementor-column-gap-no\">\n\t\t\t\t\t<div class=\"elementor-column elementor-col-100 elementor-top-column elementor-element elementor-element-bddcb06\" data-id=\"bddcb06\" data-element_type=\"column\">\n\t\t\t<div class=\"elementor-widget-wrap elementor-element-populated\">\n\t\t\t\t\t\t\t\t<div class=\"elementor-element elementor-element-30281ae elementor-widget elementor-widget-ucaddon_justified_image_carousel\" data-id=\"30281ae\" data-element_type=\"widget\" data-widget_type=\"ucaddon_justified_image_carousel.default\">\n\t\t\t\t<div class=\"elementor-widget-container\">\n\t\t\t\n<!-- start Justified Image Carousel -->\n\t\t<link id='font-awesome-css' href='https:\/\/hotelbalkanbeograd.com\/wp-content\/plugins\/unlimited-elements-for-elementor-premium\/assets_libraries\/font-awesome6\/fontawesome-all.min.css' type='text\/css' rel='stylesheet' >\n\t\t<link id='font-awesome-4-shim-css' href='https:\/\/hotelbalkanbeograd.com\/wp-content\/plugins\/unlimited-elements-for-elementor-premium\/assets_libraries\/font-awesome6\/fontawesome-v4-shims.min.css' type='text\/css' rel='stylesheet' >\n\t\t<link id='owl-carousel-css' href='https:\/\/hotelbalkanbeograd.com\/wp-content\/plugins\/unlimited-elements-for-elementor-premium\/assets_libraries\/owl-carousel-new\/assets\/owl.carousel.css' type='text\/css' rel='stylesheet' >\n\t\t<link id='fancybox-css' href='https:\/\/hotelbalkanbeograd.com\/wp-content\/plugins\/unlimited-elements-for-elementor-premium\/assets_libraries\/fancybox3\/jquery.fancybox.min.css' type='text\/css' rel='stylesheet' >\n\n<style>\/* widget: Justified Image Carousel *\/\n\n#uc_justified_image_carousel_elementor_30281ae{\n  min-height:1px;\n}\n\n#uc_justified_image_carousel_elementor_30281ae-wrapper\n{\n  min-height:1px;\n}\n\n#uc_justified_image_carousel_elementor_30281ae img{\n  height:628px !important;\n}\n\n@media only screen and (max-width: 1024px) {\n  #uc_justified_image_carousel_elementor_30281ae img{\n    height:450px !important;\n  }\n}\n\n@media only screen and (max-width: 767px) {\n  #uc_justified_image_carousel_elementor_30281ae img{\n    height:450px !important;\n  }\n  \n  }\n\n\n#uc_justified_image_carousel_elementor_30281ae .ue-item\n{\n  overflow:hidden;\n}\n\n#uc_justified_image_carousel_elementor_30281ae .item_title\n{\n      position:absolute;  \n    bottom:0;\n    width:100%;\n}\n\n\n#uc_justified_image_carousel_elementor_30281ae .owl-nav .owl-prev{\n    position:absolute;\n    left:20px;\n    display:inline-block;\n    text-align:center;\n}\n#uc_justified_image_carousel_elementor_30281ae .owl-nav .owl-next{\n  position:absolute;\n    right:20px;\n  display:inline-block;\n  text-align:center;\n}\n\n\n\n\n<\/style>\n\n<div id=\"uc_justified_image_carousel_elementor_30281ae-wrapper\">\n<div id=\"uc_justified_image_carousel_elementor_30281ae\" class=\"owl-carousel owl-theme uc-items-wrapper  \" data-lightbox=\"true\" data-use-elementor-lightbox=\"false\" data-constant-width=\"false\"  >\n    <div class=\"item ue-item\" style=\"position:relative;\">\n  \n  \n  <a class=\"ue-link\" href=\"https:\/\/hotelbalkanbeograd.com\/wp-content\/uploads\/2025\/02\/Kafe-Balkan-001.webp\">\n\n\t\n  \n    \n    <img decoding=\"async\" loading=\"lazy\"  src=\"https:\/\/hotelbalkanbeograd.com\/wp-content\/uploads\/2025\/02\/Kafe-Balkan-001.webp\" alt=\"Kafe Balkan-001\" width=\"1000\" height=\"1500\" >\n    \n  <\/a>\n  \n  \t\n  \n<\/div>\n<div class=\"item ue-item\" style=\"position:relative;\">\n  \n  \n  <a class=\"ue-link\" href=\"https:\/\/hotelbalkanbeograd.com\/wp-content\/uploads\/2025\/02\/Kafe-Balkan-002.webp\">\n\n\t\n  \n    \n    <img decoding=\"async\" loading=\"lazy\"  src=\"https:\/\/hotelbalkanbeograd.com\/wp-content\/uploads\/2025\/02\/Kafe-Balkan-002.webp\" alt=\"Kafe Balkan-002\" width=\"1000\" height=\"1500\" >\n    \n  <\/a>\n  \n  \t\n  \n<\/div>\n<div class=\"item ue-item\" style=\"position:relative;\">\n  \n  \n  <a class=\"ue-link\" href=\"https:\/\/hotelbalkanbeograd.com\/wp-content\/uploads\/2025\/02\/Kafe-Balkan-003.webp\">\n\n\t\n  \n    \n    <img decoding=\"async\" loading=\"lazy\"  src=\"https:\/\/hotelbalkanbeograd.com\/wp-content\/uploads\/2025\/02\/Kafe-Balkan-003.webp\" alt=\"Kafe Balkan-003\" width=\"1500\" height=\"791\" >\n    \n  <\/a>\n  \n  \t\n  \n<\/div>\n<div class=\"item ue-item\" style=\"position:relative;\">\n  \n  \n  <a class=\"ue-link\" href=\"https:\/\/hotelbalkanbeograd.com\/wp-content\/uploads\/2025\/02\/Kafe-Balkan-004.webp\">\n\n\t\n  \n    \n    <img decoding=\"async\" loading=\"lazy\"  src=\"https:\/\/hotelbalkanbeograd.com\/wp-content\/uploads\/2025\/02\/Kafe-Balkan-004.webp\" alt=\"Kafe Balkan-004\" width=\"1500\" height=\"791\" >\n    \n  <\/a>\n  \n  \t\n  \n<\/div>\n<div class=\"item ue-item\" style=\"position:relative;\">\n  \n  \n  <a class=\"ue-link\" href=\"https:\/\/hotelbalkanbeograd.com\/wp-content\/uploads\/2025\/02\/Kafe-Balkan-005.webp\">\n\n\t\n  \n    \n    <img decoding=\"async\" loading=\"lazy\"  src=\"https:\/\/hotelbalkanbeograd.com\/wp-content\/uploads\/2025\/02\/Kafe-Balkan-005.webp\" alt=\"Kafe Balkan-005\" width=\"1500\" height=\"791\" >\n    \n  <\/a>\n  \n  \t\n  \n<\/div>\n<div class=\"item ue-item\" style=\"position:relative;\">\n  \n  \n  <a class=\"ue-link\" href=\"https:\/\/hotelbalkanbeograd.com\/wp-content\/uploads\/2025\/02\/Kafe-Balkan-006.webp\">\n\n\t\n  \n    \n    <img decoding=\"async\" loading=\"lazy\"  src=\"https:\/\/hotelbalkanbeograd.com\/wp-content\/uploads\/2025\/02\/Kafe-Balkan-006.webp\" alt=\"Kafe Balkan-006\" width=\"1500\" height=\"791\" >\n    \n  <\/a>\n  \n  \t\n  \n<\/div>\n<div class=\"item ue-item\" style=\"position:relative;\">\n  \n  \n  <a class=\"ue-link\" href=\"https:\/\/hotelbalkanbeograd.com\/wp-content\/uploads\/2025\/02\/Kafe-Balkan-007.webp\">\n\n\t\n  \n    \n    <img decoding=\"async\" loading=\"lazy\"  src=\"https:\/\/hotelbalkanbeograd.com\/wp-content\/uploads\/2025\/02\/Kafe-Balkan-007.webp\" alt=\"Kafe Balkan-007\" width=\"1500\" height=\"791\" >\n    \n  <\/a>\n  \n  \t\n  \n<\/div>\n<div class=\"item ue-item\" style=\"position:relative;\">\n  \n  \n  <a class=\"ue-link\" href=\"https:\/\/hotelbalkanbeograd.com\/wp-content\/uploads\/2025\/02\/Kafe-Balkan-008.webp\">\n\n\t\n  \n    \n    <img decoding=\"async\" loading=\"lazy\"  src=\"https:\/\/hotelbalkanbeograd.com\/wp-content\/uploads\/2025\/02\/Kafe-Balkan-008.webp\" alt=\"Kafe Balkan-008\" width=\"1500\" height=\"791\" >\n    \n  <\/a>\n  \n  \t\n  \n<\/div>\n<div class=\"item ue-item\" style=\"position:relative;\">\n  \n  \n  <a class=\"ue-link\" href=\"https:\/\/hotelbalkanbeograd.com\/wp-content\/uploads\/2025\/02\/Kafe-Balkan-009.webp\">\n\n\t\n  \n    \n    <img decoding=\"async\" loading=\"lazy\"  src=\"https:\/\/hotelbalkanbeograd.com\/wp-content\/uploads\/2025\/02\/Kafe-Balkan-009.webp\" alt=\"Kafe Balkan-009\" width=\"1001\" height=\"1500\" >\n    \n  <\/a>\n  \n  \t\n  \n<\/div>\n<div class=\"item ue-item\" style=\"position:relative;\">\n  \n  \n  <a class=\"ue-link\" href=\"https:\/\/hotelbalkanbeograd.com\/wp-content\/uploads\/2025\/02\/Kafe-Balkan-010.webp\">\n\n\t\n  \n    \n    <img decoding=\"async\" loading=\"lazy\"  src=\"https:\/\/hotelbalkanbeograd.com\/wp-content\/uploads\/2025\/02\/Kafe-Balkan-010.webp\" alt=\"Kafe Balkan-010\" width=\"1001\" height=\"1500\" >\n    \n  <\/a>\n  \n  \t\n  \n<\/div>\n<div class=\"item ue-item\" style=\"position:relative;\">\n  \n  \n  <a class=\"ue-link\" href=\"https:\/\/hotelbalkanbeograd.com\/wp-content\/uploads\/2025\/02\/Kafe-Balkan-011.webp\">\n\n\t\n  \n    \n    <img decoding=\"async\" loading=\"lazy\"  src=\"https:\/\/hotelbalkanbeograd.com\/wp-content\/uploads\/2025\/02\/Kafe-Balkan-011.webp\" alt=\"Kafe Balkan-011\" width=\"1001\" height=\"1500\" >\n    \n  <\/a>\n  \n  \t\n  \n<\/div>\n<div class=\"item ue-item\" style=\"position:relative;\">\n  \n  \n  <a class=\"ue-link\" href=\"https:\/\/hotelbalkanbeograd.com\/wp-content\/uploads\/2025\/02\/Kafe-Balkan-012.webp\">\n\n\t\n  \n    \n    <img decoding=\"async\" loading=\"lazy\"  src=\"https:\/\/hotelbalkanbeograd.com\/wp-content\/uploads\/2025\/02\/Kafe-Balkan-012.webp\" alt=\"Kafe Balkan-012\" width=\"1001\" height=\"1500\" >\n    \n  <\/a>\n  \n  \t\n  \n<\/div>\n<div class=\"item ue-item\" style=\"position:relative;\">\n  \n  \n  <a class=\"ue-link\" href=\"https:\/\/hotelbalkanbeograd.com\/wp-content\/uploads\/2025\/02\/Kafe-Balkan-013.webp\">\n\n\t\n  \n    \n    <img decoding=\"async\" loading=\"lazy\"  src=\"https:\/\/hotelbalkanbeograd.com\/wp-content\/uploads\/2025\/02\/Kafe-Balkan-013.webp\" alt=\"Kafe Balkan-013\" width=\"1001\" height=\"1500\" >\n    \n  <\/a>\n  \n  \t\n  \n<\/div>\n \n<\/div>\n<\/div>\n<!-- end Justified Image Carousel -->\t\t<\/div>\n\t\t\t\t<\/div>\n\t\t\t\t\t<\/div>\n\t\t<\/div>\n\t\t\t\t\t\t\t<\/div>\n\t\t<\/section>\n\t\t\t\t\t\t\t<\/div>\n\t\t","protected":false},"excerpt":{"rendered":"<p>Balkan Cafe Cafe Balkan \u2013 Elegance, Tradition, and Enjoyment in the Heart of the City Located within Hotel Balkan, Cafe Balkan is more than just a caf\u00e9 \u2013 it is a place of gathering, inspiration, and enjoyment. Whether you\u2019re coming for a morning coffee, a business lunch, or simply to unwind with a glass of &hellip;<\/p>\n<p class=\"read-more\"> <a class=\"\" href=\"https:\/\/hotelbalkanbeograd.com\/en\/cafe-balkan\/\"> <span class=\"screen-reader-text\">Balkan Cafe<\/span> Read More &raquo;<\/a><\/p>\n","protected":false},"author":1,"featured_media":1209,"parent":0,"menu_order":0,"comment_status":"closed","ping_status":"closed","template":"","meta":{"_seopress_robots_primary_cat":"","_seopress_titles_title":"","_seopress_titles_desc":"","_seopress_robots_index":"","site-sidebar-layout":"no-sidebar","site-content-layout":"page-builder","ast-site-content-layout":"full-width-container","site-content-style":"default","site-sidebar-style":"default","ast-global-header-display":"","ast-banner-title-visibility":"","ast-main-header-display":"","ast-hfb-above-header-display":"","ast-hfb-below-header-display":"","ast-hfb-mobile-header-display":"","site-post-title":"disabled","ast-breadcrumbs-content":"","ast-featured-img":"disabled","footer-sml-layout":"","theme-transparent-header-meta":"","adv-header-id-meta":"","stick-header-meta":"","header-above-stick-meta":"","header-main-stick-meta":"","header-below-stick-meta":"","astra-migrate-meta-layouts":""},"_links":{"self":[{"href":"https:\/\/hotelbalkanbeograd.com\/en\/wp-json\/wp\/v2\/pages\/3838"}],"collection":[{"href":"https:\/\/hotelbalkanbeograd.com\/en\/wp-json\/wp\/v2\/pages"}],"about":[{"href":"https:\/\/hotelbalkanbeograd.com\/en\/wp-json\/wp\/v2\/types\/page"}],"author":[{"embeddable":true,"href":"https:\/\/hotelbalkanbeograd.com\/en\/wp-json\/wp\/v2\/users\/1"}],"replies":[{"embeddable":true,"href":"https:\/\/hotelbalkanbeograd.com\/en\/wp-json\/wp\/v2\/comments?post=3838"}],"version-history":[{"count":5,"href":"https:\/\/hotelbalkanbeograd.com\/en\/wp-json\/wp\/v2\/pages\/3838\/revisions"}],"predecessor-version":[{"id":4281,"href":"https:\/\/hotelbalkanbeograd.com\/en\/wp-json\/wp\/v2\/pages\/3838\/revisions\/4281"}],"wp:featuredmedia":[{"embeddable":true,"href":"https:\/\/hotelbalkanbeograd.com\/en\/wp-json\/wp\/v2\/media\/1209"}],"wp:attachment":[{"href":"https:\/\/hotelbalkanbeograd.com\/en\/wp-json\/wp\/v2\/media?parent=3838"}],"curies":[{"name":"wp","href":"https:\/\/api.w.org\/{rel}","templated":true}]}}